{"id":5701,"date":"2026-04-14T12:46:56","date_gmt":"2026-04-14T11:46:56","guid":{"rendered":"https:\/\/www.skyroofslider.com\/att-messe-2026-in-essen-deutschland"},"modified":"2026-04-14T13:41:43","modified_gmt":"2026-04-14T12:41:43","slug":"att-messe-2026-in-essen-deutschland","status":"publish","type":"page","link":"https:\/\/www.skyroofslider.com\/de\/att-messe-2026-in-essen-deutschland","title":{"rendered":"ATT-Messe 2026 in ESSEN, Deutschland"},"content":{"rendered":"\n<div style=\"height:100px\" aria-hidden=\"true\" class=\"wp-block-spacer\"><\/div>\n\n<figure class=\"wp-block-image aligncenter size-large is-resized\"><img data-dominant-color=\"373947\" data-has-transparency=\"false\" loading=\"lazy\" decoding=\"async\" width=\"800\" height=\"533\" src=\"https:\/\/www.skyroofslider.com\/wp-content\/uploads\/2026\/04\/ATT-2026-Essen-met-Skyroof-innovatie-800x533.webp\" alt=\"\" class=\"wp-image-5714 not-transparent\" style=\"--dominant-color: #373947; width:662px;height:auto\" srcset=\"https:\/\/www.skyroofslider.com\/wp-content\/uploads\/2026\/04\/ATT-2026-Essen-met-Skyroof-innovatie-800x533.webp 800w, https:\/\/www.skyroofslider.com\/wp-content\/uploads\/2026\/04\/ATT-2026-Essen-met-Skyroof-innovatie-300x200.webp 300w, https:\/\/www.skyroofslider.com\/wp-content\/uploads\/2026\/04\/ATT-2026-Essen-met-Skyroof-innovatie-768x512.webp 768w, https:\/\/www.skyroofslider.com\/wp-content\/uploads\/2026\/04\/ATT-2026-Essen-met-Skyroof-innovatie-140x93.webp 140w, https:\/\/www.skyroofslider.com\/wp-content\/uploads\/2026\/04\/ATT-2026-Essen-met-Skyroof-innovatie.webp 1536w\" sizes=\"auto, (max-width: 800px) 100vw, 800px\" \/><\/figure>\n\n<h3 class=\"wp-block-heading has-text-align-center\">\ud83d\ude80 Sneak Preview \u2013 Nur auf der <a href=\"https:\/\/maps.app.goo.gl\/cHkwZvTebjExzBpTA\" target=\"_blank\" rel=\"noopener\">ATT-Messe in ESSEN<\/a> am 09.05.2026 (Deutschland) zu sehen<\/h3>\n\n<p>Da kommt etwas auf Sie zu\u2026<br\/>Etwas, worauf viele Sternwartenbauer schon seit Jahren warten.<\/p>\n\n<h2 class=\"wp-block-heading has-text-align-center\"><strong>Intelligenter.<br\/>Schlanker.<br\/>Und vor allem: ein ganzes St\u00fcck zug\u00e4nglicher.<\/strong><\/h2>\n\n<p>Wir arbeiten derzeit an einer komplett neuen L\u00f6sung f\u00fcr die Automatisierung Ihres Roll-off-Roof-Observatoriums. Entwickelt aus der Praxis, mit einem Ziel: maximale Zuverl\u00e4ssigkeit und Sicherheit, ohne die komplexen und oft teuren Systeme, die Sie vielleicht schon kennen. <\/p>\n\n<ul class=\"wp-block-list\">\n<li>Kein unn\u00f6tiger Schnickschnack.<\/li>\n\n\n\n<li>Keine komplizierten Installationen.<\/li>\n\n\n\n<li>Einfach eine leistungsstarke, moderne L\u00f6sung, die genau das tut, was sie soll.<\/li>\n<\/ul>\n\n<p><strong>Und das Beste daran?<\/strong><br\/>Dieses System wird ein Preisniveau haben, das Sie in dieser Klasse wahrscheinlich nicht erwarten.<\/p>\n\n<p><strong>\ud83d\udc49 Denken Sie an die M\u00f6glichkeiten bekannter Systeme\u2026<br\/>\ud83d\udc49 Aber einfacher, intelligenter und erschwinglicher.<\/strong><\/p>\n\n<p>Wir zeigen noch nicht alles.<br\/>Aber auf der Messe gew\u00e4hren wir einen exklusiven ersten Einblick.<\/p>\n\n<hr class=\"wp-block-separator has-alpha-channel-opacity\"\/>\n\n<h1 class=\"wp-block-heading has-text-align-center\">\ud83d\udccd Besuchen Sie uns an unserem Stand (gemeinsam mit <a href=\"https:\/\/www.ganymedes.nl\/\" target=\"_blank\" rel=\"noopener\">Ganymedes<\/a>)<\/h1>\n\n<p>M\u00f6chten Sie wissen, was auf Sie zukommt?<br\/>M\u00f6chten Sie als einer der Ersten sehen, woran wir gearbeitet haben?<\/p>\n\n<p>Kommen Sie vorbei, stellen Sie Ihre Fragen und entdecken Sie es selbst.<\/p>\n\n<h1 class=\"wp-block-heading has-text-align-center\"><em><strong>Das sollten Sie nicht verpassen<\/strong>!<\/em><\/h1>\n\n<figure class=\"wp-block-image aligncenter size-large\"><img data-dominant-color=\"2e3b4c\" data-has-transparency=\"false\" style=\"--dominant-color: #2e3b4c;\" loading=\"lazy\" decoding=\"async\" width=\"800\" height=\"533\" src=\"https:\/\/www.skyroofslider.com\/wp-content\/uploads\/2026\/04\/9ff9f70a-c601-4b83-8b33-5bb7d24dabdd-800x533.webp\" alt=\"\" class=\"wp-image-5694 not-transparent\" srcset=\"https:\/\/www.skyroofslider.com\/wp-content\/uploads\/2026\/04\/9ff9f70a-c601-4b83-8b33-5bb7d24dabdd-800x533.webp 800w, https:\/\/www.skyroofslider.com\/wp-content\/uploads\/2026\/04\/9ff9f70a-c601-4b83-8b33-5bb7d24dabdd-300x200.webp 300w, https:\/\/www.skyroofslider.com\/wp-content\/uploads\/2026\/04\/9ff9f70a-c601-4b83-8b33-5bb7d24dabdd-768x512.webp 768w, https:\/\/www.skyroofslider.com\/wp-content\/uploads\/2026\/04\/9ff9f70a-c601-4b83-8b33-5bb7d24dabdd-140x93.webp 140w, https:\/\/www.skyroofslider.com\/wp-content\/uploads\/2026\/04\/9ff9f70a-c601-4b83-8b33-5bb7d24dabdd.webp 1536w\" sizes=\"auto, (max-width: 800px) 100vw, 800px\" \/><\/figure>\n\n<p><\/p>\n","protected":false},"excerpt":{"rendered":"<p>\ud83d\ude80 Sneak Preview \u2013 Nur auf der ATT-Messe in ESSEN am 09.05.2026 (Deutschland) zu sehen Da kommt etwas auf Sie [&hellip;]<\/p>\n","protected":false},"author":1,"featured_media":0,"parent":0,"menu_order":0,"comment_status":"closed","ping_status":"closed","template":"","meta":{"site-sidebar-layout":"default","site-content-layout":"","ast-site-content-layout":"default","site-content-style":"default","site-sidebar-style":"default","ast-global-header-display":"","ast-banner-title-visibility":"","ast-main-header-display":"","ast-hfb-above-header-display":"","ast-hfb-below-header-display":"","ast-hfb-mobile-header-display":"","site-post-title":"disabled","ast-breadcrumbs-content":"","ast-featured-img":"","footer-sml-layout":"","ast-disable-related-posts":"","theme-transparent-header-meta":"","adv-header-id-meta":"","stick-header-meta":"","header-above-stick-meta":"","header-main-stick-meta":"","header-below-stick-meta":"","astra-migrate-meta-layouts":"default","ast-page-background-enabled":"default","ast-page-background-meta":{"desktop":{"background-color":"var(--ast-global-color-5)","background-image":"","background-repeat":"repeat","background-position":"center center","background-size":"auto","background-attachment":"scroll","background-type":"","background-media":"","overlay-type":"","overlay-color":"","overlay-opacity":"","overlay-gradient":""},"tablet":{"background-color":"","background-image":"","background-repeat":"repeat","background-position":"center center","background-size":"auto","background-attachment":"scroll","background-type":"","background-media":"","overlay-type":"","overlay-color":"","overlay-opacity":"","overlay-gradient":""},"mobile":{"background-color":"","background-image":"","background-repeat":"repeat","background-position":"center center","background-size":"auto","background-attachment":"scroll","background-type":"","background-media":"","overlay-type":"","overlay-color":"","overlay-opacity":"","overlay-gradient":""}},"ast-content-background-meta":{"desktop":{"background-color":"var(--ast-global-color-4)","background-image":"","background-repeat":"repeat","background-position":"center center","background-size":"auto","background-attachment":"scroll","background-type":"","background-media":"","overlay-type":"","overlay-color":"","overlay-opacity":"","overlay-gradient":""},"tablet":{"background-color":"var(--ast-global-color-4)","background-image":"","background-repeat":"repeat","background-position":"center center","background-size":"auto","background-attachment":"scroll","background-type":"","background-media":"","overlay-type":"","overlay-color":"","overlay-opacity":"","overlay-gradient":""},"mobile":{"background-color":"var(--ast-global-color-4)","background-image":"","background-repeat":"repeat","background-position":"center center","background-size":"auto","background-attachment":"scroll","background-type":"","background-media":"","overlay-type":"","overlay-color":"","overlay-opacity":"","overlay-gradient":""}},"footnotes":""},"class_list":["post-5701","page","type-page","status-publish","hentry"],"_links":{"self":[{"href":"https:\/\/www.skyroofslider.com\/de\/wp-json\/wp\/v2\/pages\/5701","targetHints":{"allow":["GET"]}}],"collection":[{"href":"https:\/\/www.skyroofslider.com\/de\/wp-json\/wp\/v2\/pages"}],"about":[{"href":"https:\/\/www.skyroofslider.com\/de\/wp-json\/wp\/v2\/types\/page"}],"author":[{"embeddable":true,"href":"https:\/\/www.skyroofslider.com\/de\/wp-json\/wp\/v2\/users\/1"}],"replies":[{"embeddable":true,"href":"https:\/\/www.skyroofslider.com\/de\/wp-json\/wp\/v2\/comments?post=5701"}],"version-history":[{"count":5,"href":"https:\/\/www.skyroofslider.com\/de\/wp-json\/wp\/v2\/pages\/5701\/revisions"}],"predecessor-version":[{"id":5722,"href":"https:\/\/www.skyroofslider.com\/de\/wp-json\/wp\/v2\/pages\/5701\/revisions\/5722"}],"wp:attachment":[{"href":"https:\/\/www.skyroofslider.com\/de\/wp-json\/wp\/v2\/media?parent=5701"}],"curies":[{"name":"wp","href":"https:\/\/api.w.org\/{rel}","templated":true}]}}